{"id":4500,"date":"2020-05-01T22:09:54","date_gmt":"2020-05-01T22:09:54","guid":{"rendered":"https:\/\/wordpress-theme.spider-themes.net\/docly\/?page_id=4500"},"modified":"2023-11-09T08:40:04","modified_gmt":"2023-11-09T14:40:04","slug":"home-light","status":"publish","type":"page","link":"https:\/\/soporte.fenix.com.gt\/","title":{"rendered":"Centro de Ayuda -F\u00e9nix"},"content":{"rendered":"\t\t<div data-elementor-type=\"wp-page\" data-elementor-id=\"4500\" class=\"elementor elementor-4500\" data-elementor-post-type=\"page\">\n\t\t\t\t\t\t\t\t\t<section class=\"elementor-section elementor-top-section elementor-element elementor-element-e23b939 elementor-section-full_width elementor-section-height-default elementor-section-height-default\" data-id=\"e23b939\" data-element_type=\"section\">\n\t\t\t\t\t\t<div class=\"elementor-container elementor-column-gap-no\">\n\t\t\t\t\t<div class=\"elementor-column elementor-col-100 elementor-top-column elementor-element elementor-element-3c588a75\" data-id=\"3c588a75\" data-element_type=\"column\">\n\t\t\t<div class=\"elementor-widget-wrap elementor-element-populated\">\n\t\t\t\t\t\t\t\t<div class=\"elementor-element elementor-element-e191d3d elementor-widget elementor-widget-docly_hero\" data-id=\"e191d3d\" data-element_type=\"widget\" data-widget_type=\"docly_hero.default\">\n\t\t\t\t<div class=\"elementor-widget-container\">\n\t\t\t<section class=\"doc_banner_area_two\">\r\n\r\n                <img decoding=\"async\" class=\"b_plus one\" data-parallax='{\"x\": 250, \"y\": 160, \"rotateZ\":500}' src=\"https:\/\/soporte.fenix.com.gt\/wp-content\/plugins\/docly-core\/widgets\/hero\/images\/plus.png\" alt=\"file illustration\">\r\n            \r\n                <img decoding=\"async\" class=\"b_plus two\" data-parallax='{\"x\": 250, \"y\": 160, \"rotateZ\":500}' src=\"https:\/\/soporte.fenix.com.gt\/wp-content\/plugins\/docly-core\/widgets\/hero\/images\/plus_one.png\" alt=\"file illustration\">\r\n            \r\n    <div class=\"b_round r_one\" data-parallax='{\"x\": 0, \"y\": 100, \"rotateZ\":0}'><\/div>\r\n    <div class=\"b_round r_two\" data-parallax='{\"x\": -10, \"y\": 80, \"rotateY\":0}'><\/div>\r\n    <div class=\"b_round r_three\"><\/div>\r\n    <div class=\"b_round r_four\"><\/div>\r\n\r\n    \r\n    <div class=\"container\">\r\n        <div class=\"doc_banner_text_two text-center\">\r\n                            <h2>\u00bfTienes dudas o preguntas?<\/h2>\r\n            \r\n                            <p>Consulta nuestra base de conocimiento, encuentra art\u00edculos con informaci\u00f3n y gu\u00edas simples.<\/p>\r\n            \r\n            <form action=\"https:\/\/soporte.fenix.com.gt\/\" role=\"search\" method=\"get\" class=\"banner_search_form focused-form\">\r\n                <div class=\"input-group\">\r\n                    <input type=\"search\" class=\"form-control\" name=\"s\" id=\"searchInput\" placeholder=\"Buscar informaci\u00f3n o pregunta.\">\r\n                    \r\n                    <input type=\"hidden\" name=\"post_type[]\" value=\"docs\" \/>\r\n                    <input type=\"hidden\" name=\"post_type[]\" value=\"faq\" \/>\r\n                    \r\n                    <div class=\"input-group-append\">\r\n                        <button type=\"submit\" class=\"search_btn\"> Buscar <\/button>\r\n                    <\/div>\r\n                <\/div>\r\n                <div id=\"docly-search-result\" data-noresult=\"No Results Found\"><\/div>\r\n\t            \t<div class=\"header_search_keyword\">\r\n\t\t\t\t\t<span class=\"header-search-form__keywords-label\"> Popular <\/span>\r\n\t\t\t\t\t\t\t<ul class=\"list-unstyled\">\r\n\t\t\t\t\t\t\t\t\t<li class=\"wow fadeInUp\" data-wow-delay=\"0.2s\">\r\n\t\t\t\t\t\t<a href=\"#\"> Crear cuenta de vendedor <\/a>\r\n\t\t\t\t\t<\/li>\r\n\t\t\t\t\t\t\t\t\t<li class=\"wow fadeInUp\" data-wow-delay=\"0.2s\">\r\n\t\t\t\t\t\t<a href=\"#\"> Crear producto simple <\/a>\r\n\t\t\t\t\t<\/li>\r\n\t\t\t\t\t\t\t<\/ul>\r\n\t\t\t<\/div>\r\n            <\/form>\r\n        <\/div>\r\n    <\/div>\r\n<\/section>\t\t<\/div>\n\t\t\t\t<\/div>\n\t\t\t\t\t<\/div>\n\t\t<\/div>\n\t\t\t\t\t\t\t<\/div>\n\t\t<\/section>\n\t\t\t\t<section class=\"elementor-section elementor-top-section elementor-element elementor-element-60475f61 elementor-section-boxed elementor-section-height-default elementor-section-height-default\" data-id=\"60475f61\" data-element_type=\"section\" id=\"docs\">\n\t\t\t\t\t\t<div class=\"elementor-container elementor-column-gap-default\">\n\t\t\t\t\t<div class=\"elementor-column elementor-col-100 elementor-top-column elementor-element elementor-element-6f86e09c elementor-hidden-desktop elementor-hidden-tablet elementor-hidden-mobile\" data-id=\"6f86e09c\" data-element_type=\"column\">\n\t\t\t<div class=\"elementor-widget-wrap elementor-element-populated\">\n\t\t\t\t\t\t\t\t<div class=\"elementor-element elementor-element-3192d12f elementor-widget elementor-widget-heading\" data-id=\"3192d12f\" data-element_type=\"widget\" data-widget_type=\"heading.default\">\n\t\t\t\t<div class=\"elementor-widget-container\">\n\t\t\t<style>\/*! elementor - v3.17.0 - 08-11-2023 *\/\n.elementor-heading-title{padding:0;margin:0;line-height:1}.elementor-widget-heading .elementor-heading-title[class*=elementor-size-]>a{color:inherit;font-size:inherit;line-height:inherit}.elementor-widget-heading .elementor-heading-title.elementor-size-small{font-size:15px}.elementor-widget-heading .elementor-heading-title.elementor-size-medium{font-size:19px}.elementor-widget-heading .elementor-heading-title.elementor-size-large{font-size:29px}.elementor-widget-heading .elementor-heading-title.elementor-size-xl{font-size:39px}.elementor-widget-heading .elementor-heading-title.elementor-size-xxl{font-size:59px}<\/style><h2 class=\"elementor-heading-title elementor-size-default\">Check out our guide categories<\/h2>\t\t<\/div>\n\t\t\t\t<\/div>\n\t\t\t\t<div class=\"elementor-element elementor-element-52a2a421 elementor-widget elementor-widget-text-editor\" data-id=\"52a2a421\" data-element_type=\"widget\" data-widget_type=\"text-editor.default\">\n\t\t\t\t<div class=\"elementor-widget-container\">\n\t\t\t<style>\/*! elementor - v3.17.0 - 08-11-2023 *\/\n.elementor-widget-text-editor.elementor-drop-cap-view-stacked .elementor-drop-cap{background-color:#69727d;color:#fff}.elementor-widget-text-editor.elementor-drop-cap-view-framed .elementor-drop-cap{color:#69727d;border:3px solid;background-color:transparent}.elementor-widget-text-editor:not(.elementor-drop-cap-view-default) .elementor-drop-cap{margin-top:8px}.elementor-widget-text-editor:not(.elementor-drop-cap-view-default) .elementor-drop-cap-letter{width:1em;height:1em}.elementor-widget-text-editor .elementor-drop-cap{float:left;text-align:center;line-height:1;font-size:50px}.elementor-widget-text-editor .elementor-drop-cap-letter{display:inline-block}<\/style>\t\t\t\t<p>Some dodgy chav bevvy amongst argy-bargy spiffing absolutely bladdered <br \/>nancy boy cup of tea a load of old tosh porkies.<\/p>\t\t\t\t\t\t<\/div>\n\t\t\t\t<\/div>\n\t\t\t\t\t<\/div>\n\t\t<\/div>\n\t\t\t\t\t\t\t<\/div>\n\t\t<\/section>\n\t\t\t\t<section class=\"elementor-section elementor-top-section elementor-element elementor-element-40da020b elementor-section-full_width elementor-section-height-default elementor-section-height-default\" data-id=\"40da020b\" data-element_type=\"section\" data-settings=\"{&quot;background_background&quot;:&quot;classic&quot;}\">\n\t\t\t\t\t\t<div class=\"elementor-container elementor-column-gap-no\">\n\t\t\t\t\t<div class=\"elementor-column elementor-col-100 elementor-top-column elementor-element elementor-element-3d8c9a10\" data-id=\"3d8c9a10\" data-element_type=\"column\">\n\t\t\t<div class=\"elementor-widget-wrap elementor-element-populated\">\n\t\t\t\t\t\t\t\t<div class=\"elementor-element elementor-element-6e013f6f elementor-widget elementor-widget-Docly_single_doc\" data-id=\"6e013f6f\" data-element_type=\"widget\" data-widget_type=\"Docly_single_doc.default\">\n\t\t\t\t<div class=\"elementor-widget-container\">\n\t\t\t            <div class=\"container\">\r\n                <div class=\"row\">\r\n                                            <div class=\"col-lg-4 col-sm-6\">\r\n                            <div class=\"categories_guide_item wow fadeInUp\">\r\n                                                                <div class=\"doc_tag_title\">\r\n                                    <h4>Comprador<\/h4>\r\n                                <\/div>\r\n                                <ul class=\"list-unstyled tag_list\">\r\n                                                                            <li>\r\n                                            <a href=\"https:\/\/soporte.fenix.com.gt\/index.php\/docs\/docly-documentation\/comprador-5686\/como-ver-todos-los-productos-5892\/\">\r\n                                                <i class=\"icon_document_alt\"><\/i> Ver todos los productos                                            <\/a>\r\n                                        <\/li>\r\n                                                                                <li>\r\n                                            <a href=\"https:\/\/soporte.fenix.com.gt\/index.php\/docs\/docly-documentation\/comprador-5686\/buscar-productos-en-la-tienda-5905\/\">\r\n                                                <i class=\"icon_document_alt\"><\/i> Buscar productos en la tienda                                            <\/a>\r\n                                        <\/li>\r\n                                                                                <li>\r\n                                            <a href=\"https:\/\/soporte.fenix.com.gt\/index.php\/docs\/docly-documentation\/comprador-5686\/realizar-un-pedido-o-compra-5919\/\">\r\n                                                <i class=\"icon_document_alt\"><\/i> Realizar pedido o compra                                            <\/a>\r\n                                        <\/li>\r\n                                                                        <\/ul>\r\n                                                                    <a href=\"https:\/\/soporte.fenix.com.gt\/index.php\/docs\/docly-documentation\/comprador-5686\/\" class=\"doc_border_btn\">\r\n                                        Ver Todos<i class=\"arrow_right\"><\/i>\r\n                                    <\/a>\r\n                                                            <\/div>\r\n                        <\/div>\r\n                                                <div class=\"col-lg-4 col-sm-6\">\r\n                            <div class=\"categories_guide_item wow fadeInUp\">\r\n                                                                <div class=\"doc_tag_title\">\r\n                                    <h4>Vendedor<\/h4>\r\n                                <\/div>\r\n                                <ul class=\"list-unstyled tag_list\">\r\n                                                                            <li>\r\n                                            <a href=\"https:\/\/soporte.fenix.com.gt\/index.php\/docs\/docly-documentation\/vendedor-5684\/crear-o-registrar-cuenta-de-vendedor-5688\/\">\r\n                                                <i class=\"icon_document_alt\"><\/i> Crear o Registrar Cuenta de vendedor                                            <\/a>\r\n                                        <\/li>\r\n                                                                                <li>\r\n                                            <a href=\"https:\/\/soporte.fenix.com.gt\/index.php\/docs\/docly-documentation\/vendedor-5684\/cambiar-contrasena-o-clave-de-cuenta-5695\/\">\r\n                                                <i class=\"icon_document_alt\"><\/i> Cambiar contrase\u00f1a o clave de cuenta                                            <\/a>\r\n                                        <\/li>\r\n                                                                                <li>\r\n                                            <a href=\"https:\/\/soporte.fenix.com.gt\/index.php\/docs\/docly-documentation\/vendedor-5684\/crear-o-publicar-producto-variable-5692\/\">\r\n                                                <i class=\"icon_document_alt\"><\/i> Crear o publicar producto variable                                            <\/a>\r\n                                        <\/li>\r\n                                                                                <li>\r\n                                            <a href=\"https:\/\/soporte.fenix.com.gt\/index.php\/docs\/docly-documentation\/vendedor-5684\/crear-o-cargar-producto-simple-5690\/\">\r\n                                                <i class=\"icon_document_alt\"><\/i> Crear o publicar producto simple                                            <\/a>\r\n                                        <\/li>\r\n                                                                                <li>\r\n                                            <a href=\"https:\/\/soporte.fenix.com.gt\/index.php\/docs\/docly-documentation\/vendedor-5684\/recuperar-contrasena-o-clave-de-cuenta-5697\/\">\r\n                                                <i class=\"icon_document_alt\"><\/i> Recuperar contrase\u00f1a o clave de cuenta                                            <\/a>\r\n                                        <\/li>\r\n                                                                        <\/ul>\r\n                                                                    <a href=\"https:\/\/soporte.fenix.com.gt\/index.php\/docs\/docly-documentation\/vendedor-5684\/\" class=\"doc_border_btn\">\r\n                                        Ver Todos<i class=\"arrow_right\"><\/i>\r\n                                    <\/a>\r\n                                                            <\/div>\r\n                        <\/div>\r\n                                        <\/div>\r\n                <div class=\"text-center\">\r\n                    <a href=\"https:\/\/soporte.fenix.com.gt\/index.php\/docs\/docly-documentation\/\" class=\"doc_border_btn all_doc_btn wow fadeinUp\">\r\n                        Ver Todos<i class=\"arrow_right\"><\/i>\r\n                    <\/a>\r\n                <\/div>\r\n            <\/div>\r\n            \t\t<\/div>\n\t\t\t\t<\/div>\n\t\t\t\t\t<\/div>\n\t\t<\/div>\n\t\t\t\t\t\t\t<\/div>\n\t\t<\/section>\n\t\t\t\t<section class=\"elementor-section elementor-top-section elementor-element elementor-element-8c31012 elementor-hidden-desktop elementor-hidden-tablet elementor-hidden-mobile elementor-section-boxed elementor-section-height-default elementor-section-height-default\" data-id=\"8c31012\" data-element_type=\"section\" data-settings=\"{&quot;background_background&quot;:&quot;classic&quot;}\">\n\t\t\t\t\t\t<div class=\"elementor-container elementor-column-gap-default\">\n\t\t\t\t\t<div class=\"elementor-column elementor-col-100 elementor-top-column elementor-element elementor-element-0ac4ae6\" data-id=\"0ac4ae6\" data-element_type=\"column\">\n\t\t\t<div class=\"elementor-widget-wrap elementor-element-populated\">\n\t\t\t\t\t\t\t\t<div class=\"elementor-element elementor-element-e247c0c elementor-widget elementor-widget-heading\" data-id=\"e247c0c\" data-element_type=\"widget\" data-widget_type=\"heading.default\">\n\t\t\t\t<div class=\"elementor-widget-container\">\n\t\t\t<h2 class=\"elementor-heading-title elementor-size-default\">Software Documentation<\/h2>\t\t<\/div>\n\t\t\t\t<\/div>\n\t\t\t\t<div class=\"elementor-element elementor-element-ab95ca8 elementor-widget elementor-widget-text-editor\" data-id=\"ab95ca8\" data-element_type=\"widget\" data-widget_type=\"text-editor.default\">\n\t\t\t\t<div class=\"elementor-widget-container\">\n\t\t\t\t\t\t\tSoftware documentation is written text or illustration that accompanies <br> computer software or is embedded in the source code.\t\t\t\t\t\t<\/div>\n\t\t\t\t<\/div>\n\t\t\t\t\t<\/div>\n\t\t<\/div>\n\t\t\t\t\t\t\t<\/div>\n\t\t<\/section>\n\t\t\t\t\t\t\t<\/div>\n\t\t","protected":false},"excerpt":{"rendered":"<p>\u00bfTienes dudas o preguntas? Consulta nuestra base de conocimiento, encuentra art\u00edculos con informaci\u00f3n y gu\u00edas simples. Buscar Popular Crear cuenta de vendedor Crear producto simple Check out our guide categories Some dodgy chav bevvy amongst argy-bargy spiffing absolutely bladdered nancy boy cup of tea a load of old tosh porkies. Vendedor Crear o Registrar Cuenta [&hellip;]<\/p>\n","protected":false},"author":1,"featured_media":5835,"parent":0,"menu_order":0,"comment_status":"closed","ping_status":"closed","template":"elementor_header_footer","meta":{"_bbp_topic_count":0,"_bbp_reply_count":0,"_bbp_total_topic_count":0,"_bbp_total_reply_count":0,"_bbp_voice_count":0,"_bbp_anonymous_reply_count":0,"_bbp_topic_count_hidden":0,"_bbp_reply_count_hidden":0,"_bbp_forum_subforum_count":0,"footnotes":""},"_links":{"self":[{"href":"https:\/\/soporte.fenix.com.gt\/index.php\/wp-json\/wp\/v2\/pages\/4500"}],"collection":[{"href":"https:\/\/soporte.fenix.com.gt\/index.php\/wp-json\/wp\/v2\/pages"}],"about":[{"href":"https:\/\/soporte.fenix.com.gt\/index.php\/wp-json\/wp\/v2\/types\/page"}],"author":[{"embeddable":true,"href":"https:\/\/soporte.fenix.com.gt\/index.php\/wp-json\/wp\/v2\/users\/1"}],"replies":[{"embeddable":true,"href":"https:\/\/soporte.fenix.com.gt\/index.php\/wp-json\/wp\/v2\/comments?post=4500"}],"version-history":[{"count":31,"href":"https:\/\/soporte.fenix.com.gt\/index.php\/wp-json\/wp\/v2\/pages\/4500\/revisions"}],"predecessor-version":[{"id":5836,"href":"https:\/\/soporte.fenix.com.gt\/index.php\/wp-json\/wp\/v2\/pages\/4500\/revisions\/5836"}],"wp:featuredmedia":[{"embeddable":true,"href":"https:\/\/soporte.fenix.com.gt\/index.php\/wp-json\/wp\/v2\/media\/5835"}],"wp:attachment":[{"href":"https:\/\/soporte.fenix.com.gt\/index.php\/wp-json\/wp\/v2\/media?parent=4500"}],"curies":[{"name":"wp","href":"https:\/\/api.w.org\/{rel}","templated":true}]}}